{"id":665,"date":"2022-06-14T12:32:39","date_gmt":"2022-06-14T12:32:39","guid":{"rendered":"https:\/\/sebarevakistinye.com\/?page_id=665"},"modified":"2025-07-10T15:58:18","modified_gmt":"2025-07-10T15:58:18","slug":"tesekkurler","status":"publish","type":"page","link":"https:\/\/sebarevakistinye.com\/en\/tesekkurler\/","title":{"rendered":"TE\u015eEKK\u00dcRLER"},"content":{"rendered":"<div class=\"fusion-fullwidth fullwidth-box fusion-builder-row-1 fusion-flex-container nonhundred-percent-fullwidth non-hundred-percent-height-scrolling\" style=\"background-color: rgba(255,255,255,0);background-position: center center;background-repeat: no-repeat;border-width: 0px 0px 0px 0px;border-color:var(--awb-color3);border-style:solid;\" ><div class=\"fusion-builder-row fusion-row fusion-flex-align-items-flex-start\" style=\"max-width:1248px;margin-left: calc(-4% \/ 2 );margin-right: calc(-4% \/ 2 );\"><div class=\"fusion-layout-column fusion_builder_column fusion-builder-column-0 fusion_builder_column_1_4 1_4 fusion-flex-column\"><div class=\"fusion-column-wrapper fusion-flex-justify-content-flex-start fusion-content-layout-column\" style=\"background-position:left top;background-repeat:no-repeat;-webkit-background-size:cover;-moz-background-size:cover;-o-background-size:cover;background-size:cover;padding: 0px 0px 0px 0px;\"><\/div><style type=\"text\/css\">.fusion-body .fusion-builder-column-0{width:25% !important;margin-top : 0px;margin-bottom : 20px;}.fusion-builder-column-0 > .fusion-column-wrapper {padding-top : 0px !important;padding-right : 0px !important;margin-right : 7.68%;padding-bottom : 0px !important;padding-left : 0px !important;margin-left : 7.68%;}@media only screen and (max-width:1024px) {.fusion-body .fusion-builder-column-0{width:25% !important;order : 0;}.fusion-builder-column-0 > .fusion-column-wrapper {margin-right : 7.68%;margin-left : 7.68%;}}@media only screen and (max-width:640px) {.fusion-body .fusion-builder-column-0{width:100% !important;order : 0;}.fusion-builder-column-0 > .fusion-column-wrapper {margin-right : 1.92%;margin-left : 1.92%;}}<\/style><\/div><div class=\"fusion-layout-column fusion_builder_column fusion-builder-column-1 fusion_builder_column_1_2 1_2 fusion-flex-column\"><div class=\"fusion-column-wrapper fusion-flex-justify-content-flex-start fusion-content-layout-column\" style=\"background-position:left top;background-repeat:no-repeat;-webkit-background-size:cover;-moz-background-size:cover;-o-background-size:cover;background-size:cover;padding: 0px 0px 0px 0px;\"><div style=\"text-align:center;\"><span class=\"fusion-imageframe imageframe-none imageframe-1 hover-type-none\" style=\"max-width:200px;\"><a class=\"fusion-no-lightbox\" href=\"https:\/\/sebarevakistinye.com\/en\/\" target=\"_self\" aria-label=\"Varl\u0131k 2\"><img width=\"270\" height=\"53\" src=\"https:\/\/sebarevakistinye.com\/wp-content\/uploads\/2024\/10\/Varlik-2-3-e1745531677615.png\" alt class=\"img-responsive wp-image-829\" srcset=\"https:\/\/sebarevakistinye.com\/wp-content\/uploads\/2024\/10\/Varlik-2-3-e1745531677615-200x39.png 200w, https:\/\/sebarevakistinye.com\/wp-content\/uploads\/2024\/10\/Varlik-2-3-e1745531677615.png 270w\" sizes=\"(max-width: 640px) 100vw, 270px\" \/><\/a><\/span><\/div><div class=\"fusion-text fusion-text-1\" style=\"margin-top:50px;\"><p style=\"text-align: center;\" data-fusion-font=\"true\">THANKS!<\/p>\n<p style=\"text-align: center;\" data-fusion-font=\"true\">WE WILL CONTACT YOU AS SOON AS POSSIBLE.<\/p>\n<p style=\"text-align: center;\"><u> <\/u><\/p>\n<p style=\"text-align: center;\">TE\u015eEKK\u00dcRLER!<\/p>\n<p style=\"text-align: center;\">EN KISA ZAMANDA S\u0130Z\u0130NLE \u0130LET\u0130\u015e\u0130ME GE\u00c7ECE\u011e\u0130Z<u>.<br \/>\n<\/u><\/p>\n<p style=\"text-align: center;\"><u> <\/u><\/p>\n<p style=\"text-align: center;\"><u> <\/u><\/p>\n<p align=\"center\">\u0130ST\u0130NYE, FERAHEVLER MAHALLES\u0130, 34457 SARIYER\/\u0130STANBUL<\/p>\n<p align=\"center\">+90 531 717 5170<\/p>\n<p align=\"center\">seba@sebainsaat.com.tr<\/p>\n<div class=\"notranslate\" style=\"all: initial;\"><\/div>\n<\/div><\/div><style type=\"text\/css\">.fusion-body .fusion-builder-column-1{width:50% !important;margin-top : 0px;margin-bottom : 20px;}.fusion-builder-column-1 > .fusion-column-wrapper {padding-top : 0px !important;padding-right : 0px !important;margin-right : 3.84%;padding-bottom : 0px !important;padding-left : 0px !important;margin-left : 3.84%;}@media only screen and (max-width:1024px) {.fusion-body .fusion-builder-column-1{width:50% !important;order : 0;}.fusion-builder-column-1 > .fusion-column-wrapper {margin-right : 3.84%;margin-left : 3.84%;}}@media only screen and (max-width:640px) {.fusion-body .fusion-builder-column-1{width:100% !important;order : 0;}.fusion-builder-column-1 > .fusion-column-wrapper {margin-right : 1.92%;margin-left : 1.92%;}}<\/style><\/div><div class=\"fusion-layout-column fusion_builder_column fusion-builder-column-2 fusion_builder_column_1_4 1_4 fusion-flex-column\"><div class=\"fusion-column-wrapper fusion-flex-justify-content-flex-start fusion-content-layout-column\" style=\"background-position:left top;background-repeat:no-repeat;-webkit-background-size:cover;-moz-background-size:cover;-o-background-size:cover;background-size:cover;padding: 0px 0px 0px 0px;\"><\/div><style type=\"text\/css\">.fusion-body .fusion-builder-column-2{width:25% !important;margin-top : 0px;margin-bottom : 20px;}.fusion-builder-column-2 > .fusion-column-wrapper {padding-top : 0px !important;padding-right : 0px !important;margin-right : 7.68%;padding-bottom : 0px !important;padding-left : 0px !important;margin-left : 7.68%;}@media only screen and (max-width:1024px) {.fusion-body .fusion-builder-column-2{width:25% !important;order : 0;}.fusion-builder-column-2 > .fusion-column-wrapper {margin-right : 7.68%;margin-left : 7.68%;}}@media only screen and (max-width:640px) {.fusion-body .fusion-builder-column-2{width:100% !important;order : 0;}.fusion-builder-column-2 > .fusion-column-wrapper {margin-right : 1.92%;margin-left : 1.92%;}}<\/style><\/div><\/div><style type=\"text\/css\">.fusion-body .fusion-flex-container.fusion-builder-row-1{ padding-top : 70px;margin-top : 0px;padding-right : 0px;padding-bottom : 0px;margin-bottom : 0px;padding-left : 0px;}<\/style><\/div>","protected":false},"excerpt":{"rendered":"","protected":false},"author":2,"featured_media":0,"parent":0,"menu_order":0,"comment_status":"closed","ping_status":"closed","template":"blank.php","meta":[],"yoast_head":"<!-- This site is optimized with the Yoast SEO plugin v19.7.1 - https:\/\/yoast.com\/wordpress\/plugins\/seo\/ -->\n<title>TE\u015eEKK\u00dcRLER - Seba Revak \u0130stinye<\/title>\n<meta name=\"robots\" content=\"index, follow, max-snippet:-1, max-image-preview:large, max-video-preview:-1\" \/>\n<link rel=\"canonical\" href=\"https:\/\/sebarevakistinye.com\/en\/tesekkurler\/\" \/>\n<meta property=\"og:locale\" content=\"en_GB\" \/>\n<meta property=\"og:type\" content=\"article\" \/>\n<meta property=\"og:title\" content=\"TE\u015eEKK\u00dcRLER - Seba Revak \u0130stinye\" \/>\n<meta property=\"og:url\" content=\"https:\/\/sebarevakistinye.com\/en\/tesekkurler\/\" \/>\n<meta property=\"og:site_name\" content=\"Seba Revak \u0130stinye\" \/>\n<meta property=\"article:publisher\" content=\"https:\/\/www.facebook.com\/Seba-Glky-107623478580079\" \/>\n<meta property=\"article:modified_time\" content=\"2025-07-10T15:58:18+00:00\" \/>\n<meta name=\"twitter:card\" content=\"summary_large_image\" \/>\n<meta name=\"twitter:label1\" content=\"Estimated reading time\" \/>\n\t<meta name=\"twitter:data1\" content=\"4 minutes\" \/>\n<script type=\"application\/ld+json\" class=\"yoast-schema-graph\">{\"@context\":\"https:\/\/schema.org\",\"@graph\":[{\"@type\":\"WebPage\",\"@id\":\"https:\/\/sebarevakistinye.com\/tesekkurler\/\",\"url\":\"https:\/\/sebarevakistinye.com\/tesekkurler\/\",\"name\":\"TE\u015eEKK\u00dcRLER - Seba Revak \u0130stinye\",\"isPartOf\":{\"@id\":\"https:\/\/sebarevakistinye.com\/#website\"},\"datePublished\":\"2022-06-14T12:32:39+00:00\",\"dateModified\":\"2025-07-10T15:58:18+00:00\",\"breadcrumb\":{\"@id\":\"https:\/\/sebarevakistinye.com\/tesekkurler\/#breadcrumb\"},\"inLanguage\":\"en-GB\",\"potentialAction\":[{\"@type\":\"ReadAction\",\"target\":[\"https:\/\/sebarevakistinye.com\/tesekkurler\/\"]}]},{\"@type\":\"BreadcrumbList\",\"@id\":\"https:\/\/sebarevakistinye.com\/tesekkurler\/#breadcrumb\",\"itemListElement\":[{\"@type\":\"ListItem\",\"position\":1,\"name\":\"Anasayfa\",\"item\":\"https:\/\/sebarevakistinye.com\/\"},{\"@type\":\"ListItem\",\"position\":2,\"name\":\"TE\u015eEKK\u00dcRLER\"}]},{\"@type\":\"WebSite\",\"@id\":\"https:\/\/sebarevakistinye.com\/#website\",\"url\":\"https:\/\/sebarevakistinye.com\/\",\"name\":\"Seba Revak \u0130stinye\",\"description\":\"Seba Revak \u0130stinye\",\"publisher\":{\"@id\":\"https:\/\/sebarevakistinye.com\/#organization\"},\"potentialAction\":[{\"@type\":\"SearchAction\",\"target\":{\"@type\":\"EntryPoint\",\"urlTemplate\":\"https:\/\/sebarevakistinye.com\/?s={search_term_string}\"},\"query-input\":\"required name=search_term_string\"}],\"inLanguage\":\"en-GB\"},{\"@type\":\"Organization\",\"@id\":\"https:\/\/sebarevakistinye.com\/#organization\",\"name\":\"Seba G\u00f6lk\u00f6y\",\"url\":\"https:\/\/sebarevakistinye.com\/\",\"sameAs\":[\"https:\/\/www.instagram.com\/sebainsaat\/\",\"https:\/\/tr.linkedin.com\/company\/seba-inaat\",\"https:\/\/www.facebook.com\/Seba-Glky-107623478580079\"],\"logo\":{\"@type\":\"ImageObject\",\"inLanguage\":\"en-GB\",\"@id\":\"https:\/\/sebarevakistinye.com\/#\/schema\/logo\/image\/\",\"url\":\"https:\/\/sebarevakistinye.com\/wp-content\/uploads\/2022\/02\/SEBA-GOLKOY-Logos-62.png\",\"contentUrl\":\"https:\/\/sebarevakistinye.com\/wp-content\/uploads\/2022\/02\/SEBA-GOLKOY-Logos-62.png\",\"width\":4501,\"height\":1941,\"caption\":\"Seba G\u00f6lk\u00f6y\"},\"image\":{\"@id\":\"https:\/\/sebarevakistinye.com\/#\/schema\/logo\/image\/\"}}]}<\/script>\n<!-- \/ Yoast SEO plugin. -->","yoast_head_json":{"title":"TE\u015eEKK\u00dcRLER - Seba Revak \u0130stinye","robots":{"index":"index","follow":"follow","max-snippet":"max-snippet:-1","max-image-preview":"max-image-preview:large","max-video-preview":"max-video-preview:-1"},"canonical":"https:\/\/sebarevakistinye.com\/en\/tesekkurler\/","og_locale":"en_GB","og_type":"article","og_title":"TE\u015eEKK\u00dcRLER - Seba Revak \u0130stinye","og_url":"https:\/\/sebarevakistinye.com\/en\/tesekkurler\/","og_site_name":"Seba Revak \u0130stinye","article_publisher":"https:\/\/www.facebook.com\/Seba-Glky-107623478580079","article_modified_time":"2025-07-10T15:58:18+00:00","twitter_card":"summary_large_image","twitter_misc":{"Estimated reading time":"4 minutes"},"schema":{"@context":"https:\/\/schema.org","@graph":[{"@type":"WebPage","@id":"https:\/\/sebarevakistinye.com\/tesekkurler\/","url":"https:\/\/sebarevakistinye.com\/tesekkurler\/","name":"TE\u015eEKK\u00dcRLER - Seba Revak \u0130stinye","isPartOf":{"@id":"https:\/\/sebarevakistinye.com\/#website"},"datePublished":"2022-06-14T12:32:39+00:00","dateModified":"2025-07-10T15:58:18+00:00","breadcrumb":{"@id":"https:\/\/sebarevakistinye.com\/tesekkurler\/#breadcrumb"},"inLanguage":"en-GB","potentialAction":[{"@type":"ReadAction","target":["https:\/\/sebarevakistinye.com\/tesekkurler\/"]}]},{"@type":"BreadcrumbList","@id":"https:\/\/sebarevakistinye.com\/tesekkurler\/#breadcrumb","itemListElement":[{"@type":"ListItem","position":1,"name":"Anasayfa","item":"https:\/\/sebarevakistinye.com\/"},{"@type":"ListItem","position":2,"name":"TE\u015eEKK\u00dcRLER"}]},{"@type":"WebSite","@id":"https:\/\/sebarevakistinye.com\/#website","url":"https:\/\/sebarevakistinye.com\/","name":"Seba Revak \u0130stinye","description":"Seba Revak \u0130stinye","publisher":{"@id":"https:\/\/sebarevakistinye.com\/#organization"},"potentialAction":[{"@type":"SearchAction","target":{"@type":"EntryPoint","urlTemplate":"https:\/\/sebarevakistinye.com\/?s={search_term_string}"},"query-input":"required name=search_term_string"}],"inLanguage":"en-GB"},{"@type":"Organization","@id":"https:\/\/sebarevakistinye.com\/#organization","name":"Seba G\u00f6lk\u00f6y","url":"https:\/\/sebarevakistinye.com\/","sameAs":["https:\/\/www.instagram.com\/sebainsaat\/","https:\/\/tr.linkedin.com\/company\/seba-inaat","https:\/\/www.facebook.com\/Seba-Glky-107623478580079"],"logo":{"@type":"ImageObject","inLanguage":"en-GB","@id":"https:\/\/sebarevakistinye.com\/#\/schema\/logo\/image\/","url":"https:\/\/sebarevakistinye.com\/wp-content\/uploads\/2022\/02\/SEBA-GOLKOY-Logos-62.png","contentUrl":"https:\/\/sebarevakistinye.com\/wp-content\/uploads\/2022\/02\/SEBA-GOLKOY-Logos-62.png","width":4501,"height":1941,"caption":"Seba G\u00f6lk\u00f6y"},"image":{"@id":"https:\/\/sebarevakistinye.com\/#\/schema\/logo\/image\/"}}]}},"_links":{"self":[{"href":"https:\/\/sebarevakistinye.com\/en\/wp-json\/wp\/v2\/pages\/665"}],"collection":[{"href":"https:\/\/sebarevakistinye.com\/en\/wp-json\/wp\/v2\/pages"}],"about":[{"href":"https:\/\/sebarevakistinye.com\/en\/wp-json\/wp\/v2\/types\/page"}],"author":[{"embeddable":true,"href":"https:\/\/sebarevakistinye.com\/en\/wp-json\/wp\/v2\/users\/2"}],"replies":[{"embeddable":true,"href":"https:\/\/sebarevakistinye.com\/en\/wp-json\/wp\/v2\/comments?post=665"}],"version-history":[{"count":10,"href":"https:\/\/sebarevakistinye.com\/en\/wp-json\/wp\/v2\/pages\/665\/revisions"}],"predecessor-version":[{"id":1156,"href":"https:\/\/sebarevakistinye.com\/en\/wp-json\/wp\/v2\/pages\/665\/revisions\/1156"}],"wp:attachment":[{"href":"https:\/\/sebarevakistinye.com\/en\/wp-json\/wp\/v2\/media?parent=665"}],"curies":[{"name":"wp","href":"https:\/\/api.w.org\/{rel}","templated":true}]}}